{"id":8,"date":"2021-06-23T13:20:00","date_gmt":"2021-06-23T13:20:00","guid":{"rendered":"https:\/\/kletterwald-ruegen.eu\/?page_id=8"},"modified":"2023-05-17T12:44:18","modified_gmt":"2023-05-17T12:44:18","slug":"8-2","status":"publish","type":"page","link":"https:\/\/kletterwald-ruegen.eu\/","title":{"rendered":"Ohne Titel"},"content":{"rendered":"\n<p>*** Erlebniswelt Rugard *** <a href=\"https:\/\/dutchgiant.de\/\">Sport<\/a> Spa\u00df Natur ***<br>Den Kletterwald R\u00fcgen finden Sie in der Erlebniswelt Rugard. In Bergen folgen Sie bitte der Ausschilderung zur Erlebniswelt. Kostenlose Parkpl\u00e4tze finden Sie bei der Inselrodelbahn.<\/p>\n\n\n\n<p>Euer Kletterwald-Team<\/p>\n\n\n\n<p>Kletterwald R\u00fcgen am Rugard Online Shop<br>Eingang Online Shop<br>Ihr wolltet Euch schon immer mal wie Tarzan von Baum zu Baum schwingen oder wie Indiana Jones \u00fcber wacklige Br\u00fccken steigen oder an Seilen h\u00e4ngend Hindernisse \u00fcberqueren? In unserem Kletterwald auf R\u00fcgen k\u00f6nnt Ihr all das und noch vieles mehr erleben!<\/p>\n\n\n\n<p>Nichts wie los und auf in den Kletterwald am Rugard von Bergen!<br>In unserem einmaligen Kletterwald auf R\u00fcgen erwarten Euch jede Menge Spa\u00df, Abenteuer und Action an \u00fcber 80 unterschiedlichen Kletterelementen. Dabei gilt es, verschiedene Parcours mit steigendem Schwierigkeitsgrad zu meistern. Es geht im Kletterwald von R\u00fcgen in luftiger H\u00f6he von bis zu 20 Metern von Baum zu Baum \u00fcber Netzbr\u00fccken, schwankende Bohlen oder an schwingenden Seilen. Wer es wagt, kann 120 Meter weit an Seilbahnen durch den Kletterwald von R\u00fcgen rasen und beim Sprung ins Netz eine Distanz von 13 Metern \u00fcberwinden. In unserem Erlebnispark f\u00fcr Kinder findet jeder sein ganz pers\u00f6nliches Vergn\u00fcgen.<\/p>\n\n\n\n<p>Aber Vorsicht: Im Kletterwald R\u00fcgen droht Spa\u00df mit Suchtpotenzial!<br>Wir garantieren ein einmaliges Freizeitvergn\u00fcgen in unserem Kletterpark auf R\u00fcgen. Ob Familienausflug, Klassenfahrt, Wochenendspa\u00df mit der Clique oder Firmenjubil\u00e4um die Faszination im Kletterwald R\u00fcgen ist Abenteuer pur und ein Erlebnis f\u00fcr jedermann.<\/p>\n\n\n\n<p>Wer auf R\u00fcgen Freizeitangebote sucht, die unvergessliche Erinnerungen bescheren, ist hier genau richtig! Nicht nur die kleinen Besucher sind von unserem Kletterpark f\u00fcr Kinder hellauf begeistert. Auf einer Gesamtfl\u00e4che von 16.000 Quadratmetern ist im Kletterwald R\u00fcgen ausgiebiges Klettern f\u00fcr Kinder angesagt. Unter den f\u00fcnf unterschiedlichen zur Verf\u00fcgung stehenden Varianten findet garantiert jeder den passenden Kletterparcour.<\/p>\n\n\n\n<p>Wir bieten Kletterkurse f\u00fcr Kinder an, die so schnell keiner vergisst. Wer im Kletterwald R\u00fcgen einmal einen Kinderparcour gemeistert hat, hat wirklich etwas zu erz\u00e4hlen. So ein Erlebnis hat man schlie\u00dflich nicht alle Tage. Wer bei &#8222;drei&#8220; nicht in den B\u00e4umen ist, hat wirklich was verpasst!<\/p>\n\n\n\n<p>Ab einem Alter von 5 Jahren und einer K\u00f6rpergr\u00f6\u00dfe von 1,10 Meter kann der Spa\u00df beginnen nach oben unbegrenzt. Ob f\u00fcr einen Tagesausflug mit der Familie w\u00e4hrend eines Urlaubs auf R\u00fcgen, eine Klassenfahrt oder einen Firmenevent der Kletterwald R\u00fcgen bietet f\u00fcr jeden Anlass ein besonderes Erlebnis. Ge\u00f6ffnet hat der Kletterwald R\u00fcgen zwischen 1. April und 31. Oktober. F\u00fcr Kinder geht der Spa\u00df ab 10,00 \u20ac f\u00fcr zwei Stunden los, f\u00fcr Erwachsene bereits ab 20,00 \u20ac f\u00fcr zwei Stunden. In Gruppen oder im Familienverbund wird es ein bisschen g\u00fcnstiger. Der Kletterwald R\u00fcgen befindet sich \u00fcbrigens im Rugardweg 9 in 18528 Bergen auf R\u00fcgen!<\/p>\n\n\n\n<p>Wir freuen uns auf Euch!<\/p>\n\n\n\n<p>Euer Kletterwald R\u00fcgen-Team<\/p>\n","protected":false},"excerpt":{"rendered":"<p>*** Erlebniswelt Rugard *** Sport Spa\u00df Natur ***Den Kletterwald R\u00fcgen finden Sie in der Erlebniswelt Rugard. In Bergen folgen Sie bitte der Ausschilderung zur Erlebniswelt. Kostenlose Parkpl\u00e4tze finden Sie bei der Inselrodelbahn. Euer Kletterwald-Team Kletterwald R\u00fcgen am Rugard Online ShopEingang Online ShopIhr wolltet Euch schon immer mal wie Tarzan von Baum zu Baum schwingen oder&hellip; <a class=\"more-link\" href=\"https:\/\/kletterwald-ruegen.eu\/\"><span class=\"screen-reader-text\">Ohne Titel<\/span> weiterlesen<\/a><\/p>\n","protected":false},"author":1,"featured_media":0,"parent":0,"menu_order":0,"comment_status":"closed","ping_status":"closed","template":"","meta":{"footnotes":""},"class_list":["post-8","page","type-page","status-publish","hentry","entry"],"_links":{"self":[{"href":"https:\/\/kletterwald-ruegen.eu\/index.php?rest_route=\/wp\/v2\/pages\/8","targetHints":{"allow":["GET"]}}],"collection":[{"href":"https:\/\/kletterwald-ruegen.eu\/index.php?rest_route=\/wp\/v2\/pages"}],"about":[{"href":"https:\/\/kletterwald-ruegen.eu\/index.php?rest_route=\/wp\/v2\/types\/page"}],"author":[{"embeddable":true,"href":"https:\/\/kletterwald-ruegen.eu\/index.php?rest_route=\/wp\/v2\/users\/1"}],"replies":[{"embeddable":true,"href":"https:\/\/kletterwald-ruegen.eu\/index.php?rest_route=%2Fwp%2Fv2%2Fcomments&post=8"}],"version-history":[{"count":5,"href":"https:\/\/kletterwald-ruegen.eu\/index.php?rest_route=\/wp\/v2\/pages\/8\/revisions"}],"predecessor-version":[{"id":19,"href":"https:\/\/kletterwald-ruegen.eu\/index.php?rest_route=\/wp\/v2\/pages\/8\/revisions\/19"}],"wp:attachment":[{"href":"https:\/\/kletterwald-ruegen.eu\/index.php?rest_route=%2Fwp%2Fv2%2Fmedia&parent=8"}],"curies":[{"name":"wp","href":"https:\/\/api.w.org\/{rel}","templated":true}]}}